{"id":2,"date":"2018-08-06T08:30:34","date_gmt":"2018-08-06T08:30:34","guid":{"rendered":"https:\/\/reklamadvorak.cz\/?page_id=2"},"modified":"2024-06-10T11:59:20","modified_gmt":"2024-06-10T10:59:20","slug":"sample-page","status":"publish","type":"page","link":"https:\/\/reklamadvorak.cz\/","title":{"rendered":"\u00davodn\u00ed str\u00e1nka"},"content":{"rendered":"","protected":false},"excerpt":{"rendered":"","protected":false},"author":1,"featured_media":0,"parent":0,"menu_order":0,"comment_status":"closed","ping_status":"closed","template":"page-templates\/homepage.php","meta":{"inline_featured_image":false,"footnotes":""},"acf":[],"_links":{"self":[{"href":"https:\/\/reklamadvorak.cz\/index.php?rest_route=\/wp\/v2\/pages\/2"}],"collection":[{"href":"https:\/\/reklamadvorak.cz\/index.php?rest_route=\/wp\/v2\/pages"}],"about":[{"href":"https:\/\/reklamadvorak.cz\/index.php?rest_route=\/wp\/v2\/types\/page"}],"author":[{"embeddable":true,"href":"https:\/\/reklamadvorak.cz\/index.php?rest_route=\/wp\/v2\/users\/1"}],"replies":[{"embeddable":true,"href":"https:\/\/reklamadvorak.cz\/index.php?rest_route=%2Fwp%2Fv2%2Fcomments&post=2"}],"version-history":[{"count":96,"href":"https:\/\/reklamadvorak.cz\/index.php?rest_route=\/wp\/v2\/pages\/2\/revisions"}],"predecessor-version":[{"id":824,"href":"https:\/\/reklamadvorak.cz\/index.php?rest_route=\/wp\/v2\/pages\/2\/revisions\/824"}],"wp:attachment":[{"href":"https:\/\/reklamadvorak.cz\/index.php?rest_route=%2Fwp%2Fv2%2Fmedia&parent=2"}],"curies":[{"name":"wp","href":"https:\/\/api.w.org\/{rel}","templated":true}]}}